{"id":58,"date":"2024-06-05T00:30:31","date_gmt":"2024-06-05T00:30:31","guid":{"rendered":"https:\/\/scala.restaurant\/our-bread\/"},"modified":"2025-05-22T19:50:53","modified_gmt":"2025-05-22T19:50:53","slug":"menu","status":"publish","type":"page","link":"https:\/\/scala.restaurant\/en\/menu\/","title":{"rendered":"Men\u00fa"},"content":{"rendered":"\t\t<div data-elementor-type=\"wp-page\" data-elementor-id=\"58\" class=\"elementor elementor-58\" data-elementor-post-type=\"page\">\n\t\t\t\t<div class=\"elementor-element elementor-element-3e81dd6 e-flex e-con-boxed e-con e-parent\" data-id=\"3e81dd6\" data-element_type=\"container\" data-e-type=\"container\" data-settings=\"{&quot;background_background&quot;:&quot;classic&quot;}\">\n\t\t\t\t\t<div class=\"e-con-inner\">\n\t\t\t\t<div class=\"elementor-element elementor-element-fa49b40 elementor-widget elementor-widget-heading\" data-id=\"fa49b40\" data-element_type=\"widget\" data-e-type=\"widget\" data-settings=\"{&quot;motion_fx_motion_fx_scrolling&quot;:&quot;yes&quot;,&quot;motion_fx_translateY_effect&quot;:&quot;yes&quot;,&quot;motion_fx_translateY_speed&quot;:{&quot;unit&quot;:&quot;px&quot;,&quot;size&quot;:2.8,&quot;sizes&quot;:[]},&quot;motion_fx_translateY_affectedRange&quot;:{&quot;unit&quot;:&quot;%&quot;,&quot;size&quot;:&quot;&quot;,&quot;sizes&quot;:{&quot;start&quot;:0,&quot;end&quot;:100}},&quot;motion_fx_devices&quot;:[&quot;desktop&quot;,&quot;tablet&quot;,&quot;mobile&quot;]}\" data-widget_type=\"heading.default\">\n\t\t\t\t<div class=\"elementor-widget-container\">\n\t\t\t\t\t<h2 class=\"elementor-heading-title elementor-size-default\">MEN\u00da <br>\nDescubre nuestro men\u00fa completo aqu\u00ed<\/h2>\t\t\t\t<\/div>\n\t\t\t\t<\/div>\n\t\t\t\t\t<\/div>\n\t\t\t\t<\/div>\n\t\t<div class=\"elementor-element elementor-element-9f31208 e-flex e-con-boxed e-con e-parent\" data-id=\"9f31208\" data-element_type=\"container\" data-e-type=\"container\" data-settings=\"{&quot;background_background&quot;:&quot;classic&quot;}\">\n\t\t\t\t\t<div class=\"e-con-inner\">\n\t\t<div class=\"elementor-element elementor-element-2fb2a97 e-con-full e-flex e-con e-child\" data-id=\"2fb2a97\" data-element_type=\"container\" data-e-type=\"container\" data-settings=\"{&quot;background_background&quot;:&quot;slideshow&quot;,&quot;background_slideshow_gallery&quot;:[],&quot;background_slideshow_loop&quot;:&quot;yes&quot;,&quot;background_slideshow_slide_duration&quot;:5000,&quot;background_slideshow_slide_transition&quot;:&quot;fade&quot;,&quot;background_slideshow_transition_duration&quot;:500}\">\n\t\t\t\t<div class=\"elementor-element elementor-element-b061732 elementor-invisible elementor-widget elementor-widget-heading\" data-id=\"b061732\" data-element_type=\"widget\" data-e-type=\"widget\" data-settings=\"{&quot;motion_fx_motion_fx_scrolling&quot;:&quot;yes&quot;,&quot;_animation&quot;:&quot;fadeInRight&quot;,&quot;motion_fx_devices&quot;:[&quot;desktop&quot;,&quot;tablet&quot;,&quot;mobile&quot;]}\" data-widget_type=\"heading.default\">\n\t\t\t\t<div class=\"elementor-widget-container\">\n\t\t\t\t\t<h2 class=\"elementor-heading-title elementor-size-default\">Cocina del Sur Costarricense<\/h2>\t\t\t\t<\/div>\n\t\t\t\t<\/div>\n\t\t\t\t<div class=\"elementor-element elementor-element-4595241 elementor-button-info elementor-align-center elementor-widget elementor-widget-button\" data-id=\"4595241\" data-element_type=\"widget\" data-e-type=\"widget\" data-widget_type=\"button.default\">\n\t\t\t\t<div class=\"elementor-widget-container\">\n\t\t\t\t\t\t\t\t\t<div class=\"elementor-button-wrapper\">\n\t\t\t\t\t<a class=\"elementor-button elementor-button-link elementor-size-sm\" href=\"https:\/\/scala.restaurant\/wp-content\/uploads\/2024\/06\/Scala-english-menu.pdf\">\n\t\t\t\t\t\t<span class=\"elementor-button-content-wrapper\">\n\t\t\t\t\t\t\t\t\t<span class=\"elementor-button-text\">ENGLISH MENU<\/span>\n\t\t\t\t\t<\/span>\n\t\t\t\t\t<\/a>\n\t\t\t\t<\/div>\n\t\t\t\t\t\t\t\t<\/div>\n\t\t\t\t<\/div>\n\t\t\t\t<div class=\"elementor-element elementor-element-762d9f0 elementor-button-info elementor-align-center elementor-widget elementor-widget-button\" data-id=\"762d9f0\" data-element_type=\"widget\" data-e-type=\"widget\" data-widget_type=\"button.default\">\n\t\t\t\t<div class=\"elementor-widget-container\">\n\t\t\t\t\t\t\t\t\t<div class=\"elementor-button-wrapper\">\n\t\t\t\t\t<a class=\"elementor-button elementor-button-link elementor-size-sm\" href=\"https:\/\/scala.restaurant\/wp-content\/uploads\/2024\/09\/Scala-1.pdf\">\n\t\t\t\t\t\t<span class=\"elementor-button-content-wrapper\">\n\t\t\t\t\t\t\t\t\t<span class=\"elementor-button-text\">VER MENU EN ESPA\u00d1OL<\/span>\n\t\t\t\t\t<\/span>\n\t\t\t\t\t<\/a>\n\t\t\t\t<\/div>\n\t\t\t\t\t\t\t\t<\/div>\n\t\t\t\t<\/div>\n\t\t\t\t<\/div>\n\t\t<div class=\"elementor-element elementor-element-a9ea88f e-con-full e-flex e-con e-child\" data-id=\"a9ea88f\" data-element_type=\"container\" data-e-type=\"container\" data-settings=\"{&quot;background_background&quot;:&quot;slideshow&quot;,&quot;background_slideshow_gallery&quot;:[],&quot;background_slideshow_loop&quot;:&quot;yes&quot;,&quot;background_slideshow_slide_duration&quot;:5000,&quot;background_slideshow_slide_transition&quot;:&quot;fade&quot;,&quot;background_slideshow_transition_duration&quot;:500}\">\n\t\t\t\t<div class=\"elementor-element elementor-element-9b16f54 elementor-invisible elementor-widget elementor-widget-heading\" data-id=\"9b16f54\" data-element_type=\"widget\" data-e-type=\"widget\" data-settings=\"{&quot;motion_fx_motion_fx_scrolling&quot;:&quot;yes&quot;,&quot;_animation&quot;:&quot;fadeInRight&quot;,&quot;motion_fx_devices&quot;:[&quot;desktop&quot;,&quot;tablet&quot;,&quot;mobile&quot;]}\" data-widget_type=\"heading.default\">\n\t\t\t\t<div class=\"elementor-widget-container\">\n\t\t\t\t\t<h2 class=\"elementor-heading-title elementor-size-default\">Explora todas las bebidas aqu\u00ed<\/h2>\t\t\t\t<\/div>\n\t\t\t\t<\/div>\n\t\t\t\t<div class=\"elementor-element elementor-element-1cec625 elementor-button-info elementor-align-center elementor-widget elementor-widget-button\" data-id=\"1cec625\" data-element_type=\"widget\" data-e-type=\"widget\" data-widget_type=\"button.default\">\n\t\t\t\t<div class=\"elementor-widget-container\">\n\t\t\t\t\t\t\t\t\t<div class=\"elementor-button-wrapper\">\n\t\t\t\t\t<a class=\"elementor-button elementor-button-link elementor-size-sm\" href=\"https:\/\/scala.restaurant\/wp-content\/uploads\/2024\/06\/Scala-drinks-in-english-menu.pdf\">\n\t\t\t\t\t\t<span class=\"elementor-button-content-wrapper\">\n\t\t\t\t\t\t\t\t\t<span class=\"elementor-button-text\">ENGLISH MENU<\/span>\n\t\t\t\t\t<\/span>\n\t\t\t\t\t<\/a>\n\t\t\t\t<\/div>\n\t\t\t\t\t\t\t\t<\/div>\n\t\t\t\t<\/div>\n\t\t\t\t<div class=\"elementor-element elementor-element-23bd374 elementor-button-info elementor-align-center elementor-widget elementor-widget-button\" data-id=\"23bd374\" data-element_type=\"widget\" data-e-type=\"widget\" data-widget_type=\"button.default\">\n\t\t\t\t<div class=\"elementor-widget-container\">\n\t\t\t\t\t\t\t\t\t<div class=\"elementor-button-wrapper\">\n\t\t\t\t\t<a class=\"elementor-button elementor-button-link elementor-size-sm\" href=\"https:\/\/scala.restaurant\/wp-content\/uploads\/2024\/06\/Scala-bebidas-Espanol-menu.pdf\">\n\t\t\t\t\t\t<span class=\"elementor-button-content-wrapper\">\n\t\t\t\t\t\t\t\t\t<span class=\"elementor-button-text\">VER MENU EN ESPA\u00d1OL<\/span>\n\t\t\t\t\t<\/span>\n\t\t\t\t\t<\/a>\n\t\t\t\t<\/div>\n\t\t\t\t\t\t\t\t<\/div>\n\t\t\t\t<\/div>\n\t\t\t\t<\/div>\n\t\t\t\t\t<\/div>\n\t\t\t\t<\/div>\n\t\t<div class=\"elementor-element elementor-element-525a298d e-con-full e-flex e-con e-parent\" data-id=\"525a298d\" data-element_type=\"container\" data-e-type=\"container\" data-settings=\"{&quot;background_background&quot;:&quot;classic&quot;}\">\n\t\t<div class=\"elementor-element elementor-element-760cf66 e-con-full e-flex e-con e-child\" data-id=\"760cf66\" data-element_type=\"container\" data-e-type=\"container\" data-settings=\"{&quot;background_background&quot;:&quot;classic&quot;}\">\n\t\t\t\t<div class=\"elementor-element elementor-element-4f696adf elementor-invisible elementor-widget elementor-widget-heading\" data-id=\"4f696adf\" data-element_type=\"widget\" data-e-type=\"widget\" data-settings=\"{&quot;_animation&quot;:&quot;fadeIn&quot;,&quot;_animation_delay&quot;:300}\" data-widget_type=\"heading.default\">\n\t\t\t\t<div class=\"elementor-widget-container\">\n\t\t\t\t\t<h2 class=\"elementor-heading-title elementor-size-default\">Un viaje culinario inolvidable<\/h2>\t\t\t\t<\/div>\n\t\t\t\t<\/div>\n\t\t\t\t<div class=\"elementor-element elementor-element-793b4218 elementor-invisible elementor-widget elementor-widget-text-editor\" data-id=\"793b4218\" data-element_type=\"widget\" data-e-type=\"widget\" data-settings=\"{&quot;_animation&quot;:&quot;fadeIn&quot;,&quot;_animation_delay&quot;:650}\" data-widget_type=\"text-editor.default\">\n\t\t\t\t<div class=\"elementor-widget-container\">\n\t\t\t\t\t\t\t\t\t<p><em><strong>En Restaurante Scala, te invitamos a embarcarte en un viaje culinario inolvidable. Cada plato que servimos es una obra de arte que combina ingredientes frescos y locales con t\u00e9cnicas innovadoras y creatividad sin l\u00edmites.<\/strong><\/em><\/p>\t\t\t\t\t\t\t\t<\/div>\n\t\t\t\t<\/div>\n\t\t\t\t<\/div>\n\t\t<div class=\"elementor-element elementor-element-5bcc55ed e-con-full e-flex e-con e-child\" data-id=\"5bcc55ed\" data-element_type=\"container\" data-e-type=\"container\">\n\t\t\t\t<div class=\"elementor-element elementor-element-43bd8c2b elementor-widget__width-initial animated-slow elementor-invisible elementor-widget elementor-widget-image\" data-id=\"43bd8c2b\" data-element_type=\"widget\" data-e-type=\"widget\" data-settings=\"{&quot;_animation&quot;:&quot;fadeInDown&quot;}\" data-widget_type=\"image.default\">\n\t\t\t\t<div class=\"elementor-widget-container\">\n\t\t\t\t\t\t\t\t\t\t\t\t\t\t\t<img fetchpriority=\"high\" decoding=\"async\" width=\"1728\" height=\"2160\" src=\"https:\/\/scala.restaurant\/wp-content\/uploads\/2024\/06\/DSC2177.jpg\" class=\"attachment-full size-full wp-image-565\" alt=\"\" srcset=\"https:\/\/scala.restaurant\/wp-content\/uploads\/2024\/06\/DSC2177.jpg 1728w, https:\/\/scala.restaurant\/wp-content\/uploads\/2024\/06\/DSC2177-240x300.jpg 240w, https:\/\/scala.restaurant\/wp-content\/uploads\/2024\/06\/DSC2177-819x1024.jpg 819w, https:\/\/scala.restaurant\/wp-content\/uploads\/2024\/06\/DSC2177-768x960.jpg 768w, https:\/\/scala.restaurant\/wp-content\/uploads\/2024\/06\/DSC2177-1229x1536.jpg 1229w, https:\/\/scala.restaurant\/wp-content\/uploads\/2024\/06\/DSC2177-1638x2048.jpg 1638w\" sizes=\"(max-width: 1728px) 100vw, 1728px\" \/>\t\t\t\t\t\t\t\t\t\t\t\t\t\t\t<\/div>\n\t\t\t\t<\/div>\n\t\t\t\t<div class=\"elementor-element elementor-element-2835cbb1 elementor-widget__width-initial elementor-widget-mobile__width-initial animated-slow elementor-invisible elementor-widget elementor-widget-image\" data-id=\"2835cbb1\" data-element_type=\"widget\" data-e-type=\"widget\" data-settings=\"{&quot;_animation&quot;:&quot;fadeInRight&quot;}\" data-widget_type=\"image.default\">\n\t\t\t\t<div class=\"elementor-widget-container\">\n\t\t\t\t\t\t\t\t\t\t\t\t\t\t\t<img decoding=\"async\" width=\"2048\" height=\"2560\" src=\"https:\/\/scala.restaurant\/wp-content\/uploads\/2024\/06\/DSC9305-scaled.jpg\" class=\"attachment-full size-full wp-image-551\" alt=\"\" srcset=\"https:\/\/scala.restaurant\/wp-content\/uploads\/2024\/06\/DSC9305-scaled.jpg 2048w, https:\/\/scala.restaurant\/wp-content\/uploads\/2024\/06\/DSC9305-240x300.jpg 240w, https:\/\/scala.restaurant\/wp-content\/uploads\/2024\/06\/DSC9305-819x1024.jpg 819w, https:\/\/scala.restaurant\/wp-content\/uploads\/2024\/06\/DSC9305-768x960.jpg 768w, https:\/\/scala.restaurant\/wp-content\/uploads\/2024\/06\/DSC9305-1229x1536.jpg 1229w, https:\/\/scala.restaurant\/wp-content\/uploads\/2024\/06\/DSC9305-1639x2048.jpg 1639w\" sizes=\"(max-width: 2048px) 100vw, 2048px\" \/>\t\t\t\t\t\t\t\t\t\t\t\t\t\t\t<\/div>\n\t\t\t\t<\/div>\n\t\t\t\t<\/div>\n\t\t\t\t<\/div>\n\t\t\t\t<\/div>\n\t\t","protected":false},"excerpt":{"rendered":"<p>MEN\u00da Descubre nuestro men\u00fa completo aqu\u00ed Cocina del Sur Costarricense ENGLISH MENU VER MENU EN ESPA\u00d1OL Explora todas las bebidas aqu\u00ed ENGLISH MENU VER MENU EN ESPA\u00d1OL Un viaje culinario inolvidable En Restaurante Scala, te invitamos a embarcarte en un viaje culinario inolvidable. Cada plato que servimos es una obra de arte que combina ingredientes [&hellip;]<\/p>\n","protected":false},"author":1,"featured_media":0,"parent":0,"menu_order":0,"comment_status":"closed","ping_status":"closed","template":"elementor_header_footer","meta":{"_uag_custom_page_level_css":"","footnotes":""},"class_list":["post-58","page","type-page","status-publish","hentry"],"aioseo_notices":[],"uagb_featured_image_src":{"full":false,"thumbnail":false,"medium":false,"medium_large":false,"large":false,"1536x1536":false,"2048x2048":false,"trp-custom-language-flag":false},"uagb_author_info":{"display_name":"scala_bdufgj","author_link":"https:\/\/scala.restaurant\/en\/author\/scala_bdufgj\/"},"uagb_comment_info":0,"uagb_excerpt":"MEN\u00da Descubre nuestro men\u00fa completo aqu\u00ed Cocina del Sur Costarricense ENGLISH MENU VER MENU EN ESPA\u00d1OL Explora todas las bebidas aqu\u00ed ENGLISH MENU VER MENU EN ESPA\u00d1OL Un viaje culinario inolvidable En Restaurante Scala, te invitamos a embarcarte en un viaje culinario inolvidable. Cada plato que servimos es una obra de arte que combina ingredientes&hellip;","_links":{"self":[{"href":"https:\/\/scala.restaurant\/en\/wp-json\/wp\/v2\/pages\/58","targetHints":{"allow":["GET"]}}],"collection":[{"href":"https:\/\/scala.restaurant\/en\/wp-json\/wp\/v2\/pages"}],"about":[{"href":"https:\/\/scala.restaurant\/en\/wp-json\/wp\/v2\/types\/page"}],"author":[{"embeddable":true,"href":"https:\/\/scala.restaurant\/en\/wp-json\/wp\/v2\/users\/1"}],"replies":[{"embeddable":true,"href":"https:\/\/scala.restaurant\/en\/wp-json\/wp\/v2\/comments?post=58"}],"version-history":[{"count":10,"href":"https:\/\/scala.restaurant\/en\/wp-json\/wp\/v2\/pages\/58\/revisions"}],"predecessor-version":[{"id":1327,"href":"https:\/\/scala.restaurant\/en\/wp-json\/wp\/v2\/pages\/58\/revisions\/1327"}],"wp:attachment":[{"href":"https:\/\/scala.restaurant\/en\/wp-json\/wp\/v2\/media?parent=58"}],"curies":[{"name":"wp","href":"https:\/\/api.w.org\/{rel}","templated":true}]}}